{"id":42,"date":"2019-12-31T10:43:08","date_gmt":"2019-12-31T10:43:08","guid":{"rendered":"https:\/\/www.forstcontrol.ch\/info\/?page_id=42"},"modified":"2020-01-02T15:46:08","modified_gmt":"2020-01-02T14:46:08","slug":"agb","status":"publish","type":"page","link":"https:\/\/mr-control.ch\/info\/agb\/","title":{"rendered":"AGB"},"content":{"rendered":"\t\t<div data-elementor-type=\"wp-page\" data-elementor-id=\"42\" class=\"elementor elementor-42\" data-elementor-post-type=\"page\">\n\t\t\t\t\t\t<section class=\"elementor-section elementor-top-section elementor-element elementor-element-eccebb4 elementor-section-boxed elementor-section-height-default elementor-section-height-default\" data-id=\"eccebb4\" data-element_type=\"section\">\n\t\t\t\t\t\t<div class=\"elementor-container elementor-column-gap-default\">\n\t\t\t\t\t<div class=\"elementor-column elementor-col-100 elementor-top-column elementor-element elementor-element-d04b8e9\" data-id=\"d04b8e9\" data-element_type=\"column\">\n\t\t\t<div class=\"elementor-widget-wrap elementor-element-populated\">\n\t\t\t\t\t\t<div class=\"elementor-element elementor-element-917e635 elementor-widget elementor-widget-text-editor\" data-id=\"917e635\" data-element_type=\"widget\" data-widget_type=\"text-editor.default\">\n\t\t\t\t<div class=\"elementor-widget-container\">\n\t\t\t\t\t\t\t<h2><span style=\"text-decoration: underline;\">AGB<\/span><\/h2><blockquote><p>Die nachfolgenden Allgemeinen Gesch\u00e4ftsbedingungen (im Folgenden: \u201eAGB\u201c) gelten f\u00fcr alle Lieferungen, Leistungen und Angebote der siabit GmbH. Die AGB sind Grundlage und Bestandteil jeder vertraglichen Vereinbarung zwischen siabit GmbH und dem Lizenznehmer. Entgegenstehenden Regelungen in Allgemeinen Gesch\u00e4ftsbedingungen des Lizenznehmers widerspricht siabit GmbH hiermit ausdr\u00fccklich.<\/p><\/blockquote><h2>Vertragsabschluss<\/h2><blockquote><p>Der Kunde erkl\u00e4rt sich durch die Online Annahme der Vertagsbestimmungen mit den Vertragsbestimmungen einverstanden. Die Bestellung einer Lizenz ist durch die Onlinebestellung und Annahme der Vertragsbestimmungen verpflichtend und kostenpflichtig. Nach der Onlinebestellung werden dem Kunden die Vertragsbestimmungen, den Vertrag und die erste Rechnung per Mail gesendet. Vertr\u00e4ge zwischen siabit GmbH und den Lizenznehmer kommen grunds\u00e4tzlich erst mit der ausdr\u00fccklichen Annahme durch siabit GmbH zustande. Angebote sind freibleibend. Der Umfang der vertraglichen Leistungsverpflichtung ergibt sich ausschlie\u00dflich aus der Leistungsbeschreibung von siabit GmbH und \/ oder den Angaben in der Vertragsbest\u00e4tigung. Nebenabreden, die den Umfang der vertraglichen Leistungen ver\u00e4ndern, bed\u00fcrfen einer ausdr\u00fccklichen schriftlichen Best\u00e4tigung. \u00c4nderungen oder Abweichungen einzelner Vertragsleistungen von dem vereinbarten Inhalt des Vertrages, die nach Vertragsabschluss notwendig werden, sind gestattet, soweit die \u00c4nderungen oder Abweichungen nicht erheblich sind und den Gesamtzuschnitt der vereinbarten Vertragsleistungen nicht beeintr\u00e4chtigen. siabit GmbH verpflichtet sich, den Lizenznehmer unverz\u00fcglich \u00fcber Leistungs\u00e4nderungen oder Abweichungen in Kenntnis zu setzen.<\/p><\/blockquote><h2>Preise<\/h2><blockquote><p>Alle Preise verstehen sich rein netto ohne Mehrwertsteuer. Sofern nichts anderes vereinbart ist, erfolgt die Beauftragung von Dritten im Namen und f\u00fcr Rechnung von siabit GmbH. siabit GmbH ist in diesem Falle nicht verpflichtet, \u00fcber die von Dritten in ihrem Auftrag erbrachten Leistungen Rechnung zu legen oder Rechungen der von ihr beauftragten Person vorzulegen. Im Angebot nicht aufgef\u00fchrte Leistungen, die auf Verlangen des Lizenznehmers ausgef\u00fchrt werden, oder aber Mehraufwendungen, die bedingt sind durch unrichtige Angaben des Lizenznehmers, durch unverschuldete Lieferverz\u00f6gerungen oder durch nicht termin- oder fachgerechte Vorleistungen Dritter, soweit sie nicht Erf\u00fcllungshilfen von siabit GmbH sind, werden dem Lizenznehmer zus\u00e4tzlich von siabit GmbH in Rechnung gestellt. Bei allen von uns offerierten Ideen, Gestaltungs- und Entwicklungsvorschl\u00e4gen usw. behalten wir uns das Urheberrecht vor.<\/p><\/blockquote><h2>Dienstleistungen<\/h2><blockquote><p>Angebote von siabit GmbH sind \u2013 insbesondere hinsichtlich der Beschaffenheit und Verf\u00fcgbarkeit der Hauptleistung, Preise, Menge, Lieferfrist, Lieferm\u00f6glichkeiten und Nebenleistungen \u2013 unverbindlich.<\/p><\/blockquote><h1><span style=\"text-decoration: underline;\">Lizenzbestimmungen<\/span><\/h1><h2>Endbenutzer-Lizenzbestimmungen f\u00fcr die WebSoftware MR Control<\/h2><blockquote><p>Lesen Sie diese Lizenzvereinbarung sorgf\u00e4ltig durch, bevor Sie die Software MR Control (im Weiteren &#8249;Software&#8250;) einrichten. Sollten Sie Fragen zu diesen Bestimmungen haben, nehmen Sie bitte umgehend Kontakt mit Maschinenring Schweiz oder siabit GmbH auf. Indem Sie die Software verwenden, erkl\u00e4ren Sie sich einverstanden, durch die Bestimmungen dieser Vereinbarung gebunden zu sein. Falls Sie sich nicht einverstanden erkl\u00e4ren, d\u00fcrfen Sie die Software nicht installieren oder benutzen.<\/p><\/blockquote><h2>Gegenstand der Lizenzvereinbarung<\/h2><blockquote><p>Die Software kann nicht erworben werden. Die Nutzung erfolgt nur mit Lizenzvereinbarung. Die Software MR Control wird Ihnen unter Einhaltung dieser Lizenzvereinbarung von siabit GmbH im Auftrag von Maschinenring Schweiz\u00a0zur Verf\u00fcgung gestellt. Die vorliegende Vereinbarung legt fest, wie die Software verwendet werden darf und regelt die Garantiebeschr\u00e4nkungen sowie Schadensersatzanspr\u00fcche. Die Software ist und bleibt im Eigentum von siabit GmbH und Maschinenring Schweiz. Copyright und alle anderen Rechte an der Software bleiben beim Herausgeber (Maschinenring Schweiz) und beim Entwickler (siabit GmbH).<\/p><\/blockquote><h2>Einrichtung und Lizenzierung<\/h2><blockquote><p>Die aktuellen Bestimmungen zur Einrichtung und Lizenzierung sind unter http:\/\/www.mr-control.ch zu finden. F\u00fcr die erfolgreiche Anwendung wird ein Computer, Smartphone oder Tablet mit einem funktionsf\u00e4higen Internetbrowser ben\u00f6tigt. Nach erfolgreicher Online-Bestellung der Software erhalten Sie per Mail: Ihren pers\u00f6nlichen Vertrag, Rechnung, AGB, Lizenzbestimmungen und Datenschutzbestimmungen. Die Software kann nach erfolgreicher Bestellung direkt eingerichtet werden. Der Kunde ist f\u00fcr die Inbetriebnahme und den Unterhalt der gelieferten Software selbst verantwortlich. Die Einrichtung durch Maschinenring Schweiz\u00a0oder siabit GmbH wie auch die Schulung des Kunden in die Bedienung der gelieferten Software geh\u00f6ren nicht zum Leistungsumfang. Bei aufw\u00e4ndige Einrichtungen kann Ihnen Maschinenring Schweiz\u00a0oder siabit GmbH kostenpflichtige Unterst\u00fctzung anbieten. Die zur Verf\u00fcgung gestellte Demo Lizenz bleibt Eigentum von siabit GmbH. Siabit GmbH beh\u00e4lt sich vor, die Software so einzurichten, dass MR Control nach Ablauf der vereinbarten Testperiode nicht mehr voll einsatzf\u00e4hig ist, oder gar gel\u00f6scht wird. Der Kunde kann keinerlei Anspr\u00fcche herleiten. Der Kaufpreis ist zugleich die erste Jahreslizenz (12 Monate). Die siabit GmbH beh\u00e4lt sich das Recht vor, ab dem 12. Monat nach der Einrichtung eine j\u00e4hrliche Lizenzgeb\u00fchr pro Lizenz\/Mandanten einzuf\u00fchren. Die Rechnung wird j\u00e4hrlich automatisch per Mail versendet.<\/p><\/blockquote><h2>K\u00fcndigung der Lizenz<\/h2><blockquote><p>Die Laufzeit und G\u00fcltigkeit des MR Control Vertrages betr\u00e4gt 12 Monate. Wird der Vertrag nicht unter Einhaltung einer 3-monatigen K\u00fcndigungsfrist vor Ablauf der Vertragsperiode gek\u00fcndigt, verl\u00e4ngert sich der Vertrag automatisch um 12 Monate. Wird die Verwendung der Software infolge nicht voraussehbarer h\u00f6herer Gewalt erheblich erschwert, gef\u00e4hrdet oder beeintr\u00e4chtigt, so k\u00f6nnen sowohl siabit GmbH als auch der Lizenznehmer den Vertrag k\u00fcndigen. Wird der Vertrag rechtm\u00e4ssig gek\u00fcndigt, so l\u00e4uft der Vertrag sowie die Softwarelizenz noch bis zum Ende der Vertragsdauer weiter.<\/p><\/blockquote><h2>Umfang des Nutzungsrechts<\/h2><blockquote><p>\u2022 Die Software darf nur f\u00fcr einen Betreib oder ein Unternehmen verwendet werden.<br \/>\u2022 Pro Lizenz steht eine unbeschr\u00e4nkte Anzahl an Personen und Objekten zur Verf\u00fcgung.<br \/>\u2022 Die Software darf nicht anders als in diese Lizenzvereinbarung erlaubt angewendet oder kopiert werden.<br \/>\u2022 Die Software darf auf keinen Fall ver\u00e4ndert, weiterentwickelt oder komplett und teilweise in ein anderes Programm eingef\u00fcgt werden.<br \/>\u2022 Die Lizenz ist nicht \u00fcbertragbar. Es ist untersagt MR Control weiter zu vermieten, verleasen oder verleihen.<\/p><\/blockquote><h2>Dauer<\/h2><blockquote><p>Diese Software &#8211; Lizenzvereinbarung gilt f\u00fcr die gesamte Zeitdauer Ihrer Verwendung. Sie wird allerdings hinf\u00e4llig, sobald Sie gegen irgendeine dieser Vereinbarungen oder Bedingungen versto\u00dfen. Sollte dies der Fall sein, beh\u00e4lt sich siabit GmbH das Recht vor die Lizenz unverz\u00fcglich zu deaktivieren. Verlangt siabit GmbH Schadensersatz, so betr\u00e4gt dieser 30% des Auftragswertes.<\/p><\/blockquote><h2>Zahlung<\/h2><blockquote><p>Soweit nichts anderes vereinbart ist, sind Zahlungen innert 30 Tagen nach Rechnungsstellung und ohne jeden Abzug zu leisten. Bei Nichteinhaltung dieser Frist bekommt der Kunde die erste Mahnung mit einem Verzugszins von 25 CHF. Zweite Mahnung 50 CHF.<\/p><\/blockquote><h2>Updates und erg\u00e4nzende Software<\/h2><blockquote><p>MR Control wird laufend weiterentwickelt. Da die Software Webbasiert ist werden Updates automatisch aktiviert. Die aktuellen oder geplanten Updates k\u00f6nnen unter https:\/\/www.mr-control.ch\/updates\/ nachgelesen werden.<\/p><\/blockquote><h2>Garantie<\/h2><blockquote><p>siabit GmbH \u00fcbernimmt keinerlei Haftung f\u00fcr Betriebsunterbr\u00fcche, oder Datenverluste. siabit GmbH haftet in keinem Fall f\u00fcr direkte und indirekte Sch\u00e4den, Folgesch\u00e4den, Opportunit\u00e4tskosten, Betriebsunterbr\u00fcche, Verdienst- oder Umsatzausf\u00e4lle oder Mehraufwand, nicht vorhersehbare Sch\u00e4den sowie Sch\u00e4den, deren Eintritt der Kunde h\u00e4tte verhindern k\u00f6nnen. Siabit GmbH macht t\u00e4glich eine Datensicherung. Trotzdem kann weder der Herausgeber (Maschinenring Schweiz) noch der Entwickler (siabit GmbH) bei Datenverlusten zur Verantwortung gezogen werden. Siabit GmbH \u00fcbernimmt keine Garantie hinsichtlich irgendwelcher Sch\u00e4den, die durch die \u00dcbertragung eines Computervirus, Trojaners, Wurm, Zeitbombe, Logikbombe oder \u00e4hnliches verursacht werden k\u00f6nnen. Siabit GmbH lehnt es weiter ausdr\u00fccklich ab, jegliche Gew\u00e4hrleistung oder Zusicherung an Benutzer oder Dritte weiterzugeben.<\/p><\/blockquote><h1>Datenschutz<\/h1><blockquote><p>Diese Datenschutzbestimmungen finden Anwendung auf die Websites, die unter www.mr-control.ch abrufbar sind.<\/p><\/blockquote><h2>Datenhandling<\/h2><blockquote><p>Sofern die Speicherung von pers\u00f6nlichen Informationen in Staaten erfolgt, die im Vergleich zum Schweizer Datenschutzrecht einen nicht angemessenen Datenschutz gew\u00e4hrleisten, werden wir uns darum bem\u00fchen, dennoch einen angebrachten Schutz Ihrer pers\u00f6nlichen Informationen zu gew\u00e4hrleisten. MR Control setzt Cookies ein, um die Nutzung der Webapp zu erleichtern.<\/p><\/blockquote><h2>Pers\u00f6nliche Daten<\/h2><blockquote><p>Alle Daten die f\u00fcr die Anwendung von MR Control notwendig sind, werden auf Server in der Schweiz gespeichert und verwaltet. Alle pers\u00f6nlichen Daten die bei uns gespeichert werden sind Passwortgesch\u00fctzt. Passw\u00f6rter k\u00f6nnen weder von Kunden noch von den Entwicklern gelesen werden. Alle Passw\u00f6rter sind verschl\u00fcsselt. Bei einem Passwort Verlust muss ein neues Passwort angefordert werden. Es k\u00f6nnen auch Informationen \u00fcber die vom Kunden verwendeten Ger\u00e4te gespeichert werden.<\/p><\/blockquote><h2>Sicherheit<\/h2><blockquote><p>Jedes Benutzerkonto auf MR Control ist Passwort gesch\u00fctzt. F\u00fcr die Sicherheit der Passw\u00f6rter kann siabit GmbH jedoch keinerlei Haftung \u00fcbernehmen, da diese von den Benutzern selbst bestimmt werden. siabit GmbH bem\u00fcht sich laufend angemessene Sicherheitsmassnahmen f\u00fcr die Datensicherheit zu treffen.<\/p><\/blockquote><h2>Schlussbestimmung<\/h2><blockquote><p>Diese Website\/Webapp kann Links zu fremden Websites enthalten, die nicht durch die siabit GmbH betrieben oder kontrolliert werden. F\u00fcr deren Inhalt sowie Datenschutz-Praktiken ist die siabit GmbH nicht verantwortlich. Der Lizenznehmer erkl\u00e4rt seine Einwilligung zur Speicherung der Daten, die zur Abwicklung des Auftrags erforderlich sind.<\/p><\/blockquote>\t\t\t\t\t\t<\/div>\n\t\t\t\t<\/div>\n\t\t\t\t\t<\/div>\n\t\t<\/div>\n\t\t\t\t\t<\/div>\n\t\t<\/section>\n\t\t\t\t<\/div>\n\t\t","protected":false},"excerpt":{"rendered":"<p>AGB Die nachfolgenden Allgemeinen Gesch\u00e4ftsbedingungen (im Folgenden: \u201eAGB\u201c) gelten f\u00fcr alle Lieferungen, Leistungen und Angebote der siabit GmbH. Die AGB sind Grundlage und Bestandteil jeder vertraglichen Vereinbarung zwischen siabit GmbH und dem Lizenznehmer. Entgegenstehenden Regelungen in Allgemeinen Gesch\u00e4ftsbedingungen des Lizenznehmers widerspricht siabit GmbH hiermit ausdr\u00fccklich. Vertragsabschluss Der Kunde erkl\u00e4rt sich durch die Online Annahme der [&hellip;]<\/p>\n","protected":false},"author":2,"featured_media":0,"parent":0,"menu_order":0,"comment_status":"closed","ping_status":"closed","template":"","meta":{"footnotes":""},"class_list":["post-42","page","type-page","status-publish","hentry"],"yoast_head":"<!-- This site is optimized with the Yoast SEO plugin v23.1 - https:\/\/yoast.com\/wordpress\/plugins\/seo\/ -->\n<title>AGB - Maschinenring<\/title>\n<meta name=\"robots\" content=\"index, follow, max-snippet:-1, max-image-preview:large, max-video-preview:-1\" \/>\n<link rel=\"canonical\" href=\"https:\/\/mr-control.ch\/info\/agb\/\" \/>\n<meta property=\"og:locale\" content=\"de_DE\" \/>\n<meta property=\"og:type\" content=\"article\" \/>\n<meta property=\"og:title\" content=\"AGB - Maschinenring\" \/>\n<meta property=\"og:description\" content=\"AGB Die nachfolgenden Allgemeinen Gesch\u00e4ftsbedingungen (im Folgenden: \u201eAGB\u201c) gelten f\u00fcr alle Lieferungen, Leistungen und Angebote der siabit GmbH. Die AGB sind Grundlage und Bestandteil jeder vertraglichen Vereinbarung zwischen siabit GmbH und dem Lizenznehmer. Entgegenstehenden Regelungen in Allgemeinen Gesch\u00e4ftsbedingungen des Lizenznehmers widerspricht siabit GmbH hiermit ausdr\u00fccklich. Vertragsabschluss Der Kunde erkl\u00e4rt sich durch die Online Annahme der [&hellip;]\" \/>\n<meta property=\"og:url\" content=\"https:\/\/mr-control.ch\/info\/agb\/\" \/>\n<meta property=\"og:site_name\" content=\"Maschinenring\" \/>\n<meta property=\"article:modified_time\" content=\"2020-01-02T14:46:08+00:00\" \/>\n<meta name=\"twitter:card\" content=\"summary_large_image\" \/>\n<meta name=\"twitter:label1\" content=\"Gesch\u00e4tzte Lesezeit\" \/>\n\t<meta name=\"twitter:data1\" content=\"7 Minuten\" \/>\n<script type=\"application\/ld+json\" class=\"yoast-schema-graph\">{\"@context\":\"https:\/\/schema.org\",\"@graph\":[{\"@type\":\"WebPage\",\"@id\":\"https:\/\/mr-control.ch\/info\/agb\/\",\"url\":\"https:\/\/mr-control.ch\/info\/agb\/\",\"name\":\"AGB - Maschinenring\",\"isPartOf\":{\"@id\":\"https:\/\/mr-control.ch\/info\/#website\"},\"datePublished\":\"2019-12-31T10:43:08+00:00\",\"dateModified\":\"2020-01-02T14:46:08+00:00\",\"breadcrumb\":{\"@id\":\"https:\/\/mr-control.ch\/info\/agb\/#breadcrumb\"},\"inLanguage\":\"de-CH\",\"potentialAction\":[{\"@type\":\"ReadAction\",\"target\":[\"https:\/\/mr-control.ch\/info\/agb\/\"]}]},{\"@type\":\"BreadcrumbList\",\"@id\":\"https:\/\/mr-control.ch\/info\/agb\/#breadcrumb\",\"itemListElement\":[{\"@type\":\"ListItem\",\"position\":1,\"name\":\"Home\",\"item\":\"https:\/\/mr-control.ch\/info\/\"},{\"@type\":\"ListItem\",\"position\":2,\"name\":\"AGB\"}]},{\"@type\":\"WebSite\",\"@id\":\"https:\/\/mr-control.ch\/info\/#website\",\"url\":\"https:\/\/mr-control.ch\/info\/\",\"name\":\"Maschinenring\",\"description\":\"Die bequemste und effizienteste Art, Ihren Betrieb zu verwalten.\",\"potentialAction\":[{\"@type\":\"SearchAction\",\"target\":{\"@type\":\"EntryPoint\",\"urlTemplate\":\"https:\/\/mr-control.ch\/info\/?s={search_term_string}\"},\"query-input\":\"required name=search_term_string\"}],\"inLanguage\":\"de-CH\"}]}<\/script>\n<!-- \/ Yoast SEO plugin. -->","yoast_head_json":{"title":"AGB - Maschinenring","robots":{"index":"index","follow":"follow","max-snippet":"max-snippet:-1","max-image-preview":"max-image-preview:large","max-video-preview":"max-video-preview:-1"},"canonical":"https:\/\/mr-control.ch\/info\/agb\/","og_locale":"de_DE","og_type":"article","og_title":"AGB - Maschinenring","og_description":"AGB Die nachfolgenden Allgemeinen Gesch\u00e4ftsbedingungen (im Folgenden: \u201eAGB\u201c) gelten f\u00fcr alle Lieferungen, Leistungen und Angebote der siabit GmbH. Die AGB sind Grundlage und Bestandteil jeder vertraglichen Vereinbarung zwischen siabit GmbH und dem Lizenznehmer. Entgegenstehenden Regelungen in Allgemeinen Gesch\u00e4ftsbedingungen des Lizenznehmers widerspricht siabit GmbH hiermit ausdr\u00fccklich. Vertragsabschluss Der Kunde erkl\u00e4rt sich durch die Online Annahme der [&hellip;]","og_url":"https:\/\/mr-control.ch\/info\/agb\/","og_site_name":"Maschinenring","article_modified_time":"2020-01-02T14:46:08+00:00","twitter_card":"summary_large_image","twitter_misc":{"Gesch\u00e4tzte Lesezeit":"7 Minuten"},"schema":{"@context":"https:\/\/schema.org","@graph":[{"@type":"WebPage","@id":"https:\/\/mr-control.ch\/info\/agb\/","url":"https:\/\/mr-control.ch\/info\/agb\/","name":"AGB - Maschinenring","isPartOf":{"@id":"https:\/\/mr-control.ch\/info\/#website"},"datePublished":"2019-12-31T10:43:08+00:00","dateModified":"2020-01-02T14:46:08+00:00","breadcrumb":{"@id":"https:\/\/mr-control.ch\/info\/agb\/#breadcrumb"},"inLanguage":"de-CH","potentialAction":[{"@type":"ReadAction","target":["https:\/\/mr-control.ch\/info\/agb\/"]}]},{"@type":"BreadcrumbList","@id":"https:\/\/mr-control.ch\/info\/agb\/#breadcrumb","itemListElement":[{"@type":"ListItem","position":1,"name":"Home","item":"https:\/\/mr-control.ch\/info\/"},{"@type":"ListItem","position":2,"name":"AGB"}]},{"@type":"WebSite","@id":"https:\/\/mr-control.ch\/info\/#website","url":"https:\/\/mr-control.ch\/info\/","name":"Maschinenring","description":"Die bequemste und effizienteste Art, Ihren Betrieb zu verwalten.","potentialAction":[{"@type":"SearchAction","target":{"@type":"EntryPoint","urlTemplate":"https:\/\/mr-control.ch\/info\/?s={search_term_string}"},"query-input":"required name=search_term_string"}],"inLanguage":"de-CH"}]}},"_links":{"self":[{"href":"https:\/\/mr-control.ch\/info\/wp-json\/wp\/v2\/pages\/42"}],"collection":[{"href":"https:\/\/mr-control.ch\/info\/wp-json\/wp\/v2\/pages"}],"about":[{"href":"https:\/\/mr-control.ch\/info\/wp-json\/wp\/v2\/types\/page"}],"author":[{"embeddable":true,"href":"https:\/\/mr-control.ch\/info\/wp-json\/wp\/v2\/users\/2"}],"replies":[{"embeddable":true,"href":"https:\/\/mr-control.ch\/info\/wp-json\/wp\/v2\/comments?post=42"}],"version-history":[{"count":5,"href":"https:\/\/mr-control.ch\/info\/wp-json\/wp\/v2\/pages\/42\/revisions"}],"predecessor-version":[{"id":313,"href":"https:\/\/mr-control.ch\/info\/wp-json\/wp\/v2\/pages\/42\/revisions\/313"}],"wp:attachment":[{"href":"https:\/\/mr-control.ch\/info\/wp-json\/wp\/v2\/media?parent=42"}],"curies":[{"name":"wp","href":"https:\/\/api.w.org\/{rel}","templated":true}]}}